{"id":1087,"date":"2024-01-09T08:14:08","date_gmt":"2024-01-09T08:14:08","guid":{"rendered":"https:\/\/cfxy.is\/?page_id=1087"},"modified":"2025-01-28T10:02:49","modified_gmt":"2025-01-28T10:02:49","slug":"adgangsstyring","status":"publish","type":"page","link":"https:\/\/cfxy.is\/?page_id=1087","title":{"rendered":"A\u00f0gangsst\u00fdring"},"content":{"rendered":"\t\t<div data-elementor-type=\"wp-page\" data-elementor-id=\"1087\" class=\"elementor elementor-1087\">\n\t\t\t\t<div class=\"elementor-element elementor-element-ac2796a e-flex e-con-boxed e-con e-parent\" data-id=\"ac2796a\" data-element_type=\"container\" data-e-type=\"container\">\n\t\t\t\t\t<div class=\"e-con-inner\">\n\t\t\t\t\t<\/div>\n\t\t\t\t<\/div>\n\t\t<div class=\"elementor-element elementor-element-9fe2c2c e-flex e-con-boxed e-con e-parent\" data-id=\"9fe2c2c\" data-element_type=\"container\" data-e-type=\"container\">\n\t\t\t\t\t<div class=\"e-con-inner\">\n\t\t<div class=\"elementor-element elementor-element-1fd8514 e-con-full e-flex e-con e-child\" data-id=\"1fd8514\" data-element_type=\"container\" data-e-type=\"container\">\n\t\t\t\t<\/div>\n\t\t\t\t<div class=\"elementor-element elementor-element-4f74bee elementor-widget elementor-widget-image\" data-id=\"4f74bee\" data-element_type=\"widget\" data-e-type=\"widget\" data-widget_type=\"image.default\">\n\t\t\t\t<div class=\"elementor-widget-container\">\n\t\t\t\t\t\t\t\t\t\t\t\t\t\t\t<img fetchpriority=\"high\" decoding=\"async\" width=\"1536\" height=\"1536\" src=\"https:\/\/cfxy.is\/wp-content\/uploads\/2024\/01\/IMG_6076-scaled-1536x1536.jpg\" class=\"attachment-1536x1536 size-1536x1536 wp-image-1206\" alt=\"\" srcset=\"https:\/\/cfxy.is\/wp-content\/uploads\/2024\/01\/IMG_6076-scaled-1536x1536.jpg 1536w, https:\/\/cfxy.is\/wp-content\/uploads\/2024\/01\/IMG_6076-300x300.jpg 300w, https:\/\/cfxy.is\/wp-content\/uploads\/2024\/01\/IMG_6076-1024x1024.jpg 1024w, https:\/\/cfxy.is\/wp-content\/uploads\/2024\/01\/IMG_6076-150x150.jpg 150w, https:\/\/cfxy.is\/wp-content\/uploads\/2024\/01\/IMG_6076-2000x2000.jpg 2000w, https:\/\/cfxy.is\/wp-content\/uploads\/2024\/01\/IMG_6076-scaled-2048x2048.jpg 2048w\" sizes=\"100vw\" \/>\t\t\t\t\t\t\t\t\t\t\t\t\t\t\t<\/div>\n\t\t\t\t<\/div>\n\t\t\t\t\t<\/div>\n\t\t\t\t<\/div>\n\t\t<div class=\"elementor-element elementor-element-9a91401 e-flex e-con-boxed e-con e-parent\" data-id=\"9a91401\" data-element_type=\"container\" data-e-type=\"container\">\n\t\t\t\t\t<div class=\"e-con-inner\">\n\t\t\t\t<div class=\"elementor-element elementor-element-da7784f elementor-widget elementor-widget-text-editor\" data-id=\"da7784f\" data-element_type=\"widget\" data-e-type=\"widget\" data-widget_type=\"text-editor.default\">\n\t\t\t\t<div class=\"elementor-widget-container\">\n\t\t\t\t\t\t\t\t\t<p>XY er a\u00f0gangsst\u00fdr\u00f0 l\u00edkamsr\u00e6ktarst\u00f6\u00f0 \u00fear sem \u00fe\u00fa getur haft a\u00f0gang a\u00f0 st\u00f6\u00f0inni \u00feegar \u00fe\u00e9r hentar.&nbsp;<\/p>\n<p>A\u00f0gangsst\u00fdringin er virk fr\u00e1 05:00-00:00 alla daga vikunnar allt \u00e1ri\u00f0 \u00ed kring. \u00de\u00fa einfaldlega f\u00e6r\u00f0 app \u00ed s\u00edmann sem \u00fe\u00fa notar til a\u00f0 opna st\u00f6\u00f0ina og byrjar a\u00f0 \u00e6fa.&nbsp;<\/p>\n<p>St\u00f6\u00f0in b\u00fd\u00f0ur alltaf upp\u00e1 Open gym sv\u00e6\u00f0i sem alltaf er h\u00e6gt a\u00f0 n\u00fdta hvort sem \u00fea\u00f0 er t\u00edmi \u00ed gangi e\u00f0a ekki. Einnig bj\u00f3\u00f0um vi\u00f0 \u00feeim sem vilja eing\u00f6ngu n\u00fdta s\u00e9r open gym a\u00f0 kaupa kort sem gilda einungis fyrir \u00fea\u00f0.<\/p>\n<p><\/p>\t\t\t\t\t\t\t\t<\/div>\n\t\t\t\t<\/div>\n\t\t\t\t<div class=\"elementor-element elementor-element-5ad8147 elementor-align-center elementor-widget elementor-widget-button\" data-id=\"5ad8147\" data-element_type=\"widget\" data-e-type=\"widget\" data-widget_type=\"button.default\">\n\t\t\t\t<div class=\"elementor-widget-container\">\n\t\t\t\t\t\t\t\t\t<div class=\"elementor-button-wrapper\">\n\t\t\t\t\t<a class=\"elementor-button elementor-button-link elementor-size-sm\" href=\"https:\/\/www.abler.io\/shop\/xy\/1\/product\/Q2x1YlNlcnZpY2U6MTc5MzE=\">\n\t\t\t\t\t\t<span class=\"elementor-button-content-wrapper\">\n\t\t\t\t\t\t\t\t\t<span class=\"elementor-button-text\">Kaupa a\u00f0gangst\u00fdrt kort<\/span>\n\t\t\t\t\t<\/span>\n\t\t\t\t\t<\/a>\n\t\t\t\t<\/div>\n\t\t\t\t\t\t\t\t<\/div>\n\t\t\t\t<\/div>\n\t\t\t\t\t<\/div>\n\t\t\t\t<\/div>\n\t\t\t\t<\/div>\n\t\t","protected":false},"excerpt":{"rendered":"<p>XY er a\u00f0gangsst\u00fdr\u00f0 l\u00edkamsr\u00e6ktarst\u00f6\u00f0 \u00fear sem \u00fe\u00fa getur haft a\u00f0gang a\u00f0 st\u00f6\u00f0inni \u00feegar \u00fe\u00e9r hentar.&nbsp; A\u00f0gangsst\u00fdringin er virk fr\u00e1 05:00-00:00 alla daga vikunnar allt \u00e1ri\u00f0 \u00ed kring. \u00de\u00fa einfaldlega f\u00e6r\u00f0 app \u00ed s\u00edmann sem \u00fe\u00fa notar til a\u00f0 opna st\u00f6\u00f0ina og byrjar a\u00f0 \u00e6fa.&nbsp; St\u00f6\u00f0in b\u00fd\u00f0ur alltaf upp\u00e1 Open gym sv\u00e6\u00f0i sem alltaf er h\u00e6gt &hellip; <\/p>\n<p class=\"link-more\"><a href=\"https:\/\/cfxy.is\/?page_id=1087\" class=\"more-link\">Read more<span class=\"screen-reader-text\"> &#8220;A\u00f0gangsst\u00fdring&#8221;<\/span><\/a><\/p>\n","protected":false},"author":1,"featured_media":0,"parent":0,"menu_order":0,"comment_status":"closed","ping_status":"closed","template":"","meta":{"om_disable_all_campaigns":false,"_monsterinsights_skip_tracking":false,"_monsterinsights_sitenote_active":false,"_monsterinsights_sitenote_note":"","_monsterinsights_sitenote_category":0,"footnotes":""},"class_list":["post-1087","page","type-page","status-publish","hentry"],"aioseo_notices":[],"_links":{"self":[{"href":"https:\/\/cfxy.is\/index.php?rest_route=\/wp\/v2\/pages\/1087","targetHints":{"allow":["GET"]}}],"collection":[{"href":"https:\/\/cfxy.is\/index.php?rest_route=\/wp\/v2\/pages"}],"about":[{"href":"https:\/\/cfxy.is\/index.php?rest_route=\/wp\/v2\/types\/page"}],"author":[{"embeddable":true,"href":"https:\/\/cfxy.is\/index.php?rest_route=\/wp\/v2\/users\/1"}],"replies":[{"embeddable":true,"href":"https:\/\/cfxy.is\/index.php?rest_route=%2Fwp%2Fv2%2Fcomments&post=1087"}],"version-history":[{"count":19,"href":"https:\/\/cfxy.is\/index.php?rest_route=\/wp\/v2\/pages\/1087\/revisions"}],"predecessor-version":[{"id":1669,"href":"https:\/\/cfxy.is\/index.php?rest_route=\/wp\/v2\/pages\/1087\/revisions\/1669"}],"wp:attachment":[{"href":"https:\/\/cfxy.is\/index.php?rest_route=%2Fwp%2Fv2%2Fmedia&parent=1087"}],"curies":[{"name":"wp","href":"https:\/\/api.w.org\/{rel}","templated":true}]}}