{"id":1173,"date":"2024-01-12T09:43:49","date_gmt":"2024-01-12T09:43:49","guid":{"rendered":"https:\/\/cfxy.is\/?page_id=1173"},"modified":"2024-10-24T14:57:50","modified_gmt":"2024-10-24T14:57:50","slug":"frivika-i-xy","status":"publish","type":"page","link":"https:\/\/cfxy.is\/?page_id=1173","title":{"rendered":"Fr\u00edvika \u00ed XY"},"content":{"rendered":"\t\t<div data-elementor-type=\"wp-page\" data-elementor-id=\"1173\" class=\"elementor elementor-1173\">\n\t\t\t\t<div class=\"elementor-element elementor-element-081a9a7 e-flex e-con-boxed e-con e-parent\" data-id=\"081a9a7\" data-element_type=\"container\" data-e-type=\"container\">\n\t\t\t\t\t<div class=\"e-con-inner\">\n\t\t\t\t<div class=\"elementor-element elementor-element-07f84e8 elementor-widget elementor-widget-image\" data-id=\"07f84e8\" data-element_type=\"widget\" data-e-type=\"widget\" data-widget_type=\"image.default\">\n\t\t\t\t<div class=\"elementor-widget-container\">\n\t\t\t\t\t\t\t\t\t\t\t\t\t\t\t<img fetchpriority=\"high\" decoding=\"async\" width=\"950\" height=\"320\" src=\"https:\/\/cfxy.is\/wp-content\/uploads\/2024\/01\/cropped-cropped-DSC07497-2-scaled-1-950x320.jpg\" class=\"attachment-inspiro-loop size-inspiro-loop wp-image-864\" alt=\"\" srcset=\"https:\/\/cfxy.is\/wp-content\/uploads\/2024\/01\/cropped-cropped-DSC07497-2-scaled-1-950x320.jpg 950w, https:\/\/cfxy.is\/wp-content\/uploads\/2024\/01\/cropped-cropped-DSC07497-2-scaled-1-1900x640.jpg 1900w\" sizes=\"100vw\" \/>\t\t\t\t\t\t\t\t\t\t\t\t\t\t\t<\/div>\n\t\t\t\t<\/div>\n\t\t\t\t\t<\/div>\n\t\t\t\t<\/div>\n\t\t<div class=\"elementor-element elementor-element-2720349 e-flex e-con-boxed e-con e-parent\" data-id=\"2720349\" data-element_type=\"container\" data-e-type=\"container\">\n\t\t\t\t\t<div class=\"e-con-inner\">\n\t\t\t\t<div class=\"elementor-element elementor-element-a4d3e22 elementor-widget elementor-widget-text-editor\" data-id=\"a4d3e22\" data-element_type=\"widget\" data-e-type=\"widget\" data-widget_type=\"text-editor.default\">\n\t\t\t\t<div class=\"elementor-widget-container\">\n\t\t\t\t\t\t\t\t\t<p>Vi\u00f0 bj\u00f3\u00f0um \u00f6llum \u00feeim sem hafa \u00e1huga \u00e1 a\u00f0 pr\u00f3fa a\u00f0 \u00e6fa \u00ed XY a\u00f0 f\u00e1 1 viku fr\u00edtt.<\/p><p>Eina sem \u00fe\u00fa \u00fearft a\u00f0 gera er a\u00f0 skr\u00e1 \u00feig \u00ed gegnum vefverslunina okkar \u00fe\u00e9r a\u00f0 kostana\u00f0arlausu.<\/p><p>Hl\u00f6kkum til a\u00f0 taka \u00e1 m\u00f3ti \u00fe\u00e9r!<\/p>\t\t\t\t\t\t\t\t<\/div>\n\t\t\t\t<\/div>\n\t\t\t\t\t<\/div>\n\t\t\t\t<\/div>\n\t\t<div class=\"elementor-element elementor-element-039ea65 e-flex e-con-boxed e-con e-parent\" data-id=\"039ea65\" data-element_type=\"container\" data-e-type=\"container\">\n\t\t\t\t\t<div class=\"e-con-inner\">\n\t\t\t\t<div class=\"elementor-element elementor-element-25cccf9 elementor-align-center elementor-widget elementor-widget-button\" data-id=\"25cccf9\" data-element_type=\"widget\" data-e-type=\"widget\" data-widget_type=\"button.default\">\n\t\t\t\t<div class=\"elementor-widget-container\">\n\t\t\t\t\t\t\t\t\t<div class=\"elementor-button-wrapper\">\n\t\t\t\t\t<a class=\"elementor-button elementor-button-link elementor-size-sm\" href=\"https:\/\/www.abler.io\/shop\/xy\/1\/product\/Q2x1YlNlcnZpY2U6MjYzMjk=\">\n\t\t\t\t\t\t<span class=\"elementor-button-content-wrapper\">\n\t\t\t\t\t\t\t\t\t<span class=\"elementor-button-text\">F\u00e1 fr\u00edviku<\/span>\n\t\t\t\t\t<\/span>\n\t\t\t\t\t<\/a>\n\t\t\t\t<\/div>\n\t\t\t\t\t\t\t\t<\/div>\n\t\t\t\t<\/div>\n\t\t\t\t\t<\/div>\n\t\t\t\t<\/div>\n\t\t\t\t<\/div>\n\t\t","protected":false},"excerpt":{"rendered":"<p>Vi\u00f0 bj\u00f3\u00f0um \u00f6llum \u00feeim sem hafa \u00e1huga \u00e1 a\u00f0 pr\u00f3fa a\u00f0 \u00e6fa \u00ed XY a\u00f0 f\u00e1 1 viku fr\u00edtt. Eina sem \u00fe\u00fa \u00fearft a\u00f0 gera er a\u00f0 skr\u00e1 \u00feig \u00ed gegnum vefverslunina okkar \u00fe\u00e9r a\u00f0 kostana\u00f0arlausu. Hl\u00f6kkum til a\u00f0 taka \u00e1 m\u00f3ti \u00fe\u00e9r! F\u00e1 fr\u00edviku<\/p>\n","protected":false},"author":1,"featured_media":0,"parent":0,"menu_order":0,"comment_status":"closed","ping_status":"closed","template":"","meta":{"om_disable_all_campaigns":false,"_monsterinsights_skip_tracking":false,"_monsterinsights_sitenote_active":false,"_monsterinsights_sitenote_note":"","_monsterinsights_sitenote_category":0,"footnotes":""},"class_list":["post-1173","page","type-page","status-publish","hentry"],"aioseo_notices":[],"_links":{"self":[{"href":"https:\/\/cfxy.is\/index.php?rest_route=\/wp\/v2\/pages\/1173","targetHints":{"allow":["GET"]}}],"collection":[{"href":"https:\/\/cfxy.is\/index.php?rest_route=\/wp\/v2\/pages"}],"about":[{"href":"https:\/\/cfxy.is\/index.php?rest_route=\/wp\/v2\/types\/page"}],"author":[{"embeddable":true,"href":"https:\/\/cfxy.is\/index.php?rest_route=\/wp\/v2\/users\/1"}],"replies":[{"embeddable":true,"href":"https:\/\/cfxy.is\/index.php?rest_route=%2Fwp%2Fv2%2Fcomments&post=1173"}],"version-history":[{"count":28,"href":"https:\/\/cfxy.is\/index.php?rest_route=\/wp\/v2\/pages\/1173\/revisions"}],"predecessor-version":[{"id":1511,"href":"https:\/\/cfxy.is\/index.php?rest_route=\/wp\/v2\/pages\/1173\/revisions\/1511"}],"wp:attachment":[{"href":"https:\/\/cfxy.is\/index.php?rest_route=%2Fwp%2Fv2%2Fmedia&parent=1173"}],"curies":[{"name":"wp","href":"https:\/\/api.w.org\/{rel}","templated":true}]}}