{"id":1256,"date":"2024-01-30T10:14:12","date_gmt":"2024-01-30T10:14:12","guid":{"rendered":"https:\/\/cfxy.is\/?page_id=1256"},"modified":"2024-10-24T15:21:36","modified_gmt":"2024-10-24T15:21:36","slug":"fyrirtaekjahopar","status":"publish","type":"page","link":"https:\/\/cfxy.is\/?page_id=1256","title":{"rendered":"Fyrirt\u00e6kjah\u00f3par"},"content":{"rendered":"\t\t<div data-elementor-type=\"wp-page\" data-elementor-id=\"1256\" class=\"elementor elementor-1256\">\n\t\t\t\t<div class=\"elementor-element elementor-element-eb84f95 e-flex e-con-boxed e-con e-parent\" data-id=\"eb84f95\" data-element_type=\"container\" data-e-type=\"container\">\n\t\t\t\t\t<div class=\"e-con-inner\">\n\t\t\t\t<div class=\"elementor-element elementor-element-3f830b4 elementor-widget elementor-widget-image\" data-id=\"3f830b4\" data-element_type=\"widget\" data-e-type=\"widget\" data-widget_type=\"image.default\">\n\t\t\t\t<div class=\"elementor-widget-container\">\n\t\t\t\t\t\t\t\t\t\t\t\t\t\t\t<img fetchpriority=\"high\" decoding=\"async\" width=\"950\" height=\"679\" src=\"https:\/\/cfxy.is\/wp-content\/uploads\/2024\/01\/MG_0134Crossfit-1024x732.jpg\" class=\"attachment-large size-large wp-image-1259\" alt=\"\" srcset=\"https:\/\/cfxy.is\/wp-content\/uploads\/2024\/01\/MG_0134Crossfit-1024x732.jpg 1024w, https:\/\/cfxy.is\/wp-content\/uploads\/2024\/01\/MG_0134Crossfit-300x214.jpg 300w, https:\/\/cfxy.is\/wp-content\/uploads\/2024\/01\/MG_0134Crossfit-2000x1429.jpg 2000w, https:\/\/cfxy.is\/wp-content\/uploads\/2024\/01\/MG_0134Crossfit-1536x1097.jpg 1536w, https:\/\/cfxy.is\/wp-content\/uploads\/2024\/01\/MG_0134Crossfit.jpg 2048w\" sizes=\"100vw\" \/>\t\t\t\t\t\t\t\t\t\t\t\t\t\t\t<\/div>\n\t\t\t\t<\/div>\n\t\t\t\t\t<\/div>\n\t\t\t\t<\/div>\n\t\t<div class=\"elementor-element elementor-element-1e40eab e-flex e-con-boxed e-con e-parent\" data-id=\"1e40eab\" data-element_type=\"container\" data-e-type=\"container\">\n\t\t\t\t\t<div class=\"e-con-inner\">\n\t\t\t\t<div class=\"elementor-element elementor-element-7462e9a elementor-widget elementor-widget-text-editor\" data-id=\"7462e9a\" data-element_type=\"widget\" data-e-type=\"widget\" data-widget_type=\"text-editor.default\">\n\t\t\t\t<div class=\"elementor-widget-container\">\n\t\t\t\t\t\t\t\t\t<p>Vi\u00f0 bj\u00f3\u00f0um fyrirt\u00e6kjum upp\u00e1 kynningar\u00e6fingu hj\u00e1 okkur \u00ed XY \u00fear sem \u00e6fingarformi\u00f0 og starfsemi&nbsp; XY er kynnt. \u00c1 \u00e6fingunni er fari\u00f0 \u00ed kennslu\/kynningu \u00e1 nokkrum vel v\u00f6ldum \u00e6fingum sem h\u00f3purinn f\u00e6r svo a\u00f0 spreyta sig \u00e1 undir lei\u00f0s\u00f6gn \u00fej\u00e1lfara.<\/p>\n<p>Fyrirt\u00e6ki\u00f0 getur vali\u00f0 hva\u00f0a dagur hentar fyrir kynningar\u00e6finguna hvort sem \u00fea\u00f0 er \u00e1 virkum degi e\u00f0a um helgi.<\/p>\n<p>Kynningar\u00e6fingin hentar \u00f6llum hvort sem vi\u00f0komandi s\u00e9 virkur \u00ed hreyfingu e\u00f0a r\u00e9tt a\u00f0 byrja, t\u00edminn er bara a\u00f0laga\u00f0ur a\u00f0 hverjum h\u00f3p fyrir sig.<\/p>\n<p>\u00cd kj\u00f6lfari\u00f0 af kynningunni getur fyrirt\u00e6ki\u00f0 vali\u00f0 um a\u00f0 m\u00e6ta allt fr\u00e1 3x \u00ed viku saman e\u00f0a jafnvel bara 1x \u00ed m\u00e1nu\u00f0i sem g\u00e6ti veri\u00f0 hluti af h\u00f3peflingu innan fyrirt\u00e6kisins.<\/p>\n<p><strong>Ef \u00fe\u00fa hefur \u00e1huga \u00e1 a\u00f0 skr\u00e1 fyrirt\u00e6ki\u00f0 \u00feitt haf\u00f0u \u00fe\u00e1 samband vi\u00f0 okkur h\u00e9r a\u00f0 ne\u00f0an<\/strong><\/p>\t\t\t\t\t\t\t\t<\/div>\n\t\t\t\t<\/div>\n\t\t\t\t\t<\/div>\n\t\t\t\t<\/div>\n\t\t<div class=\"elementor-element elementor-element-0e96f89 e-flex e-con-boxed e-con e-parent\" data-id=\"0e96f89\" data-element_type=\"container\" data-e-type=\"container\">\n\t\t\t\t\t<div class=\"e-con-inner\">\n\t\t\t\t<div class=\"elementor-element elementor-element-e13c4b3 elementor-widget elementor-widget-wpforms\" data-id=\"e13c4b3\" data-element_type=\"widget\" data-e-type=\"widget\" data-widget_type=\"wpforms.default\">\n\t\t\t\t<div class=\"elementor-widget-container\">\n\t\t\t\t\t<style id=\"wpforms-css-vars-root\">\n\t\t\t\t:root {\n\t\t\t\t\t--wpforms-field-border-radius: 3px;\n--wpforms-field-background-color: #ffffff;\n--wpforms-field-border-color: rgba( 0, 0, 0, 0.25 );\n--wpforms-field-text-color: rgba( 0, 0, 0, 0.7 );\n--wpforms-label-color: rgba( 0, 0, 0, 0.85 );\n--wpforms-label-sublabel-color: rgba( 0, 0, 0, 0.55 );\n--wpforms-label-error-color: #d63637;\n--wpforms-button-border-radius: 3px;\n--wpforms-button-background-color: #066aab;\n--wpforms-button-text-color: #ffffff;\n--wpforms-field-size-input-height: 43px;\n--wpforms-field-size-input-spacing: 15px;\n--wpforms-field-size-font-size: 16px;\n--wpforms-field-size-line-height: 19px;\n--wpforms-field-size-padding-h: 14px;\n--wpforms-field-size-checkbox-size: 16px;\n--wpforms-field-size-sublabel-spacing: 5px;\n--wpforms-field-size-icon-size: 1;\n--wpforms-label-size-font-size: 16px;\n--wpforms-label-size-line-height: 19px;\n--wpforms-label-size-sublabel-font-size: 14px;\n--wpforms-label-size-sublabel-line-height: 17px;\n--wpforms-button-size-font-size: 17px;\n--wpforms-button-size-height: 41px;\n--wpforms-button-size-padding-h: 15px;\n--wpforms-button-size-margin-top: 10px;\n\n\t\t\t\t}\n\t\t\t<\/style><div class=\"wpforms-container wpforms-render-modern\" id=\"wpforms-1260\"><form id=\"wpforms-form-1260\" class=\"wpforms-validate wpforms-form wpforms-ajax-form\" data-formid=\"1260\" method=\"post\" enctype=\"multipart\/form-data\" action=\"\/index.php?rest_route=%2Fwp%2Fv2%2Fpages%2F1256\" data-token=\"182ea6545cbfc2aada7c46ba2fc3506f\"><noscript class=\"wpforms-error-noscript\">Please enable JavaScript in your browser to complete this form.<\/noscript><div class=\"wpforms-hidden\" id=\"wpforms-error-noscript\">Please enable JavaScript in your browser to complete this form.<\/div><div class=\"wpforms-field-container\"><div id=\"wpforms-1260-field_0-container\" class=\"wpforms-field wpforms-field-name\" data-field-id=\"0\"><fieldset><legend class=\"wpforms-field-label\">Name <span class=\"wpforms-required-label\" aria-hidden=\"true\">*<\/span><\/legend><div class=\"wpforms-field-row wpforms-field-medium\"><div class=\"wpforms-field-row-block wpforms-first wpforms-one-half\"><input type=\"text\" id=\"wpforms-1260-field_0\" class=\"wpforms-field-name-first wpforms-field-required\" name=\"wpforms[fields][0][first]\" aria-errormessage=\"wpforms-1260-field_0-error\" required><label for=\"wpforms-1260-field_0\" class=\"wpforms-field-sublabel after \">First<\/label><\/div><div class=\"wpforms-field-row-block wpforms-one-half\"><input type=\"text\" id=\"wpforms-1260-field_0-last\" class=\"wpforms-field-name-last wpforms-field-required\" name=\"wpforms[fields][0][last]\" aria-errormessage=\"wpforms-1260-field_0-last-error\" required><label for=\"wpforms-1260-field_0-last\" class=\"wpforms-field-sublabel after \">Last<\/label><\/div><\/div><\/fieldset><\/div><div id=\"wpforms-1260-field_1-container\" class=\"wpforms-field wpforms-field-email\" data-field-id=\"1\"><label class=\"wpforms-field-label\" for=\"wpforms-1260-field_1\">Email <span class=\"wpforms-required-label\" aria-hidden=\"true\">*<\/span><\/label><input type=\"email\" id=\"wpforms-1260-field_1\" class=\"wpforms-field-medium wpforms-field-required\" name=\"wpforms[fields][1]\" spellcheck=\"false\" aria-errormessage=\"wpforms-1260-field_1-error\" required><\/div><div id=\"wpforms-1260-field_2-container\" class=\"wpforms-field wpforms-field-textarea\" data-field-id=\"2\"><label class=\"wpforms-field-label\" for=\"wpforms-1260-field_2\">Comment or Message<\/label><textarea id=\"wpforms-1260-field_2\" class=\"wpforms-field-medium\" name=\"wpforms[fields][2]\" aria-errormessage=\"wpforms-1260-field_2-error\" ><\/textarea><\/div><\/div><!-- .wpforms-field-container --><div class=\"wpforms-submit-container\" ><input type=\"hidden\" name=\"wpforms[id]\" value=\"1260\"><input type=\"hidden\" name=\"wpforms[author]\" value=\"1\"><button type=\"submit\" name=\"wpforms[submit]\" id=\"wpforms-submit-1260\" class=\"wpforms-submit\" data-alt-text=\"Sending...\" data-submit-text=\"Submit\" aria-live=\"assertive\" value=\"wpforms-submit\">Submit<\/button><img decoding=\"async\" src=\"https:\/\/cfxy.is\/wp-content\/plugins\/wpforms-lite\/assets\/images\/submit-spin.svg\" class=\"wpforms-submit-spinner\" style=\"display: none;\" width=\"26\" height=\"26\" alt=\"Loading\"><\/div><\/form><\/div>  <!-- .wpforms-container -->\t\t\t\t<\/div>\n\t\t\t\t<\/div>\n\t\t\t\t\t<\/div>\n\t\t\t\t<\/div>\n\t\t\t\t<\/div>\n\t\t","protected":false},"excerpt":{"rendered":"<p>Vi\u00f0 bj\u00f3\u00f0um fyrirt\u00e6kjum upp\u00e1 kynningar\u00e6fingu hj\u00e1 okkur \u00ed XY \u00fear sem \u00e6fingarformi\u00f0 og starfsemi&nbsp; XY er kynnt. \u00c1 \u00e6fingunni er fari\u00f0 \u00ed kennslu\/kynningu \u00e1 nokkrum vel v\u00f6ldum \u00e6fingum sem h\u00f3purinn f\u00e6r svo a\u00f0 spreyta sig \u00e1 undir lei\u00f0s\u00f6gn \u00fej\u00e1lfara. Fyrirt\u00e6ki\u00f0 getur vali\u00f0 hva\u00f0a dagur hentar fyrir kynningar\u00e6finguna hvort sem \u00fea\u00f0 er \u00e1 virkum degi e\u00f0a &hellip; <\/p>\n<p class=\"link-more\"><a href=\"https:\/\/cfxy.is\/?page_id=1256\" class=\"more-link\">Read more<span class=\"screen-reader-text\"> &#8220;Fyrirt\u00e6kjah\u00f3par&#8221;<\/span><\/a><\/p>\n","protected":false},"author":1,"featured_media":0,"parent":0,"menu_order":0,"comment_status":"closed","ping_status":"closed","template":"","meta":{"om_disable_all_campaigns":false,"_monsterinsights_skip_tracking":false,"_monsterinsights_sitenote_active":false,"_monsterinsights_sitenote_note":"","_monsterinsights_sitenote_category":0,"footnotes":""},"class_list":["post-1256","page","type-page","status-publish","hentry"],"aioseo_notices":[],"_links":{"self":[{"href":"https:\/\/cfxy.is\/index.php?rest_route=\/wp\/v2\/pages\/1256","targetHints":{"allow":["GET"]}}],"collection":[{"href":"https:\/\/cfxy.is\/index.php?rest_route=\/wp\/v2\/pages"}],"about":[{"href":"https:\/\/cfxy.is\/index.php?rest_route=\/wp\/v2\/types\/page"}],"author":[{"embeddable":true,"href":"https:\/\/cfxy.is\/index.php?rest_route=\/wp\/v2\/users\/1"}],"replies":[{"embeddable":true,"href":"https:\/\/cfxy.is\/index.php?rest_route=%2Fwp%2Fv2%2Fcomments&post=1256"}],"version-history":[{"count":7,"href":"https:\/\/cfxy.is\/index.php?rest_route=\/wp\/v2\/pages\/1256\/revisions"}],"predecessor-version":[{"id":1541,"href":"https:\/\/cfxy.is\/index.php?rest_route=\/wp\/v2\/pages\/1256\/revisions\/1541"}],"wp:attachment":[{"href":"https:\/\/cfxy.is\/index.php?rest_route=%2Fwp%2Fv2%2Fmedia&parent=1256"}],"curies":[{"name":"wp","href":"https:\/\/api.w.org\/{rel}","templated":true}]}}