{"id":1282,"date":"2024-02-22T15:28:45","date_gmt":"2024-02-22T15:28:45","guid":{"rendered":"https:\/\/cfxy.is\/?page_id=1282"},"modified":"2024-10-24T15:20:01","modified_gmt":"2024-10-24T15:20:01","slug":"einkanamskeid-i-stad-grunnnamskeids","status":"publish","type":"page","link":"https:\/\/cfxy.is\/?page_id=1282","title":{"rendered":"Einkan\u00e1mskei\u00f0 \u00ed sta\u00f0 grunnn\u00e1mskei\u00f0s"},"content":{"rendered":"\t\t<div data-elementor-type=\"wp-page\" data-elementor-id=\"1282\" class=\"elementor elementor-1282\">\n\t\t\t\t<div class=\"elementor-element elementor-element-e339374 e-flex e-con-boxed e-con e-parent\" data-id=\"e339374\" data-element_type=\"container\" data-e-type=\"container\">\n\t\t\t\t\t<div class=\"e-con-inner\">\n\t\t\t\t<div class=\"elementor-element elementor-element-ecb7493 elementor-widget elementor-widget-image\" data-id=\"ecb7493\" data-element_type=\"widget\" data-e-type=\"widget\" data-widget_type=\"image.default\">\n\t\t\t\t<div class=\"elementor-widget-container\">\n\t\t\t\t\t\t\t\t\t\t\t\t\t\t\t<img fetchpriority=\"high\" decoding=\"async\" width=\"950\" height=\"634\" src=\"https:\/\/cfxy.is\/wp-content\/uploads\/2024\/02\/DSC06733-1024x683.jpeg\" class=\"attachment-large size-large wp-image-1286\" alt=\"\" srcset=\"https:\/\/cfxy.is\/wp-content\/uploads\/2024\/02\/DSC06733-1024x683.jpeg 1024w, https:\/\/cfxy.is\/wp-content\/uploads\/2024\/02\/DSC06733-300x200.jpeg 300w, https:\/\/cfxy.is\/wp-content\/uploads\/2024\/02\/DSC06733-1536x1025.jpeg 1536w, https:\/\/cfxy.is\/wp-content\/uploads\/2024\/02\/DSC06733-2048x1366.jpeg 2048w, https:\/\/cfxy.is\/wp-content\/uploads\/2024\/02\/DSC06733-2000x1334.jpeg 2000w\" sizes=\"100vw\" \/>\t\t\t\t\t\t\t\t\t\t\t\t\t\t\t<\/div>\n\t\t\t\t<\/div>\n\t\t\t\t\t<\/div>\n\t\t\t\t<\/div>\n\t\t<div class=\"elementor-element elementor-element-aa72aa1 e-flex e-con-boxed e-con e-parent\" data-id=\"aa72aa1\" data-element_type=\"container\" data-e-type=\"container\">\n\t\t\t\t\t<div class=\"e-con-inner\">\n\t\t\t\t<div class=\"elementor-element elementor-element-3b24e44 elementor-widget elementor-widget-text-editor\" data-id=\"3b24e44\" data-element_type=\"widget\" data-e-type=\"widget\" data-widget_type=\"text-editor.default\">\n\t\t\t\t<div class=\"elementor-widget-container\">\n\t\t\t\t\t\t\t\t\t<p>Vi\u00f0 \u00ed\u00a0 XY bj\u00f3\u00f0um upp\u00e1 einkat\u00edma \u00ed sta\u00f0 grunnn\u00e1mskei\u00f0s. \u00de\u00fa getur vali\u00f0 a\u00f0 koma ein\/n \u00ed t\u00edmana e\u00f0a \u00fe\u00fa getur hvatt vini e\u00f0a fj\u00f6lskyldu me\u00f0 \u00fe\u00e9r \u00ed einkat\u00edma.\u00a0<\/p><p>Einkat\u00edmar eru sveigjanleg lausn \u00fear sem \u00fe\u00fa e\u00f0a \u00fei\u00f0 geti\u00f0 \u00e1kve\u00f0i\u00f0 \u00ed samr\u00e1\u00f0i vi\u00f0 \u00fej\u00e1lfarann hven\u00e6r hentar best a\u00f0 m\u00e6ta \u00ed \u00feessa t\u00edma.<\/p><p>Einkat\u00edmarnir eru 5 t\u00edmar og a\u00f0 \u00feeim loknum \u00e6ttir \u00fe\u00fa\/\u00fei\u00f0 a\u00f0 vera komin me\u00f0 grunn til \u00feess a\u00f0 m\u00e6ta \u00ed almenna t\u00edma samkv\u00e6mt stundat\u00f6flu.<\/p><p>Endilega haf\u00f0u samband vi\u00f0 okkur og vi\u00f0 sv\u00f6rum \u00fe\u00e9r um lei\u00f0 og finnum t\u00edma fyrir \u00feig<\/p>\t\t\t\t\t\t\t\t<\/div>\n\t\t\t\t<\/div>\n\t\t\t\t\t<\/div>\n\t\t\t\t<\/div>\n\t\t<div class=\"elementor-element elementor-element-2f23f72 e-flex e-con-boxed e-con e-parent\" data-id=\"2f23f72\" data-element_type=\"container\" data-e-type=\"container\">\n\t\t\t\t\t<div class=\"e-con-inner\">\n\t\t\t\t<div class=\"elementor-element elementor-element-289ab72 elementor-widget elementor-widget-wpforms\" data-id=\"289ab72\" data-element_type=\"widget\" data-e-type=\"widget\" data-widget_type=\"wpforms.default\">\n\t\t\t\t<div class=\"elementor-widget-container\">\n\t\t\t\t\t<style id=\"wpforms-css-vars-root\">\n\t\t\t\t:root {\n\t\t\t\t\t--wpforms-field-border-radius: 3px;\n--wpforms-field-background-color: #ffffff;\n--wpforms-field-border-color: rgba( 0, 0, 0, 0.25 );\n--wpforms-field-text-color: rgba( 0, 0, 0, 0.7 );\n--wpforms-label-color: rgba( 0, 0, 0, 0.85 );\n--wpforms-label-sublabel-color: rgba( 0, 0, 0, 0.55 );\n--wpforms-label-error-color: #d63637;\n--wpforms-button-border-radius: 3px;\n--wpforms-button-background-color: #066aab;\n--wpforms-button-text-color: #ffffff;\n--wpforms-field-size-input-height: 43px;\n--wpforms-field-size-input-spacing: 15px;\n--wpforms-field-size-font-size: 16px;\n--wpforms-field-size-line-height: 19px;\n--wpforms-field-size-padding-h: 14px;\n--wpforms-field-size-checkbox-size: 16px;\n--wpforms-field-size-sublabel-spacing: 5px;\n--wpforms-field-size-icon-size: 1;\n--wpforms-label-size-font-size: 16px;\n--wpforms-label-size-line-height: 19px;\n--wpforms-label-size-sublabel-font-size: 14px;\n--wpforms-label-size-sublabel-line-height: 17px;\n--wpforms-button-size-font-size: 17px;\n--wpforms-button-size-height: 41px;\n--wpforms-button-size-padding-h: 15px;\n--wpforms-button-size-margin-top: 10px;\n\n\t\t\t\t}\n\t\t\t<\/style><div class=\"wpforms-container wpforms-render-modern\" id=\"wpforms-1260\"><form id=\"wpforms-form-1260\" class=\"wpforms-validate wpforms-form wpforms-ajax-form\" data-formid=\"1260\" method=\"post\" enctype=\"multipart\/form-data\" action=\"\/index.php?rest_route=%2Fwp%2Fv2%2Fpages%2F1282\" data-token=\"182ea6545cbfc2aada7c46ba2fc3506f\"><noscript class=\"wpforms-error-noscript\">Please enable JavaScript in your browser to complete this form.<\/noscript><div class=\"wpforms-hidden\" id=\"wpforms-error-noscript\">Please enable JavaScript in your browser to complete this form.<\/div><div class=\"wpforms-field-container\"><div id=\"wpforms-1260-field_0-container\" class=\"wpforms-field wpforms-field-name\" data-field-id=\"0\"><fieldset><legend class=\"wpforms-field-label\">Name <span class=\"wpforms-required-label\" aria-hidden=\"true\">*<\/span><\/legend><div class=\"wpforms-field-row wpforms-field-medium\"><div class=\"wpforms-field-row-block wpforms-first wpforms-one-half\"><input type=\"text\" id=\"wpforms-1260-field_0\" class=\"wpforms-field-name-first wpforms-field-required\" name=\"wpforms[fields][0][first]\" aria-errormessage=\"wpforms-1260-field_0-error\" required><label for=\"wpforms-1260-field_0\" class=\"wpforms-field-sublabel after \">First<\/label><\/div><div class=\"wpforms-field-row-block wpforms-one-half\"><input type=\"text\" id=\"wpforms-1260-field_0-last\" class=\"wpforms-field-name-last wpforms-field-required\" name=\"wpforms[fields][0][last]\" aria-errormessage=\"wpforms-1260-field_0-last-error\" required><label for=\"wpforms-1260-field_0-last\" class=\"wpforms-field-sublabel after \">Last<\/label><\/div><\/div><\/fieldset><\/div><div id=\"wpforms-1260-field_1-container\" class=\"wpforms-field wpforms-field-email\" data-field-id=\"1\"><label class=\"wpforms-field-label\" for=\"wpforms-1260-field_1\">Email <span class=\"wpforms-required-label\" aria-hidden=\"true\">*<\/span><\/label><input type=\"email\" id=\"wpforms-1260-field_1\" class=\"wpforms-field-medium wpforms-field-required\" name=\"wpforms[fields][1]\" spellcheck=\"false\" aria-errormessage=\"wpforms-1260-field_1-error\" required><\/div><div id=\"wpforms-1260-field_2-container\" class=\"wpforms-field wpforms-field-textarea\" data-field-id=\"2\"><label class=\"wpforms-field-label\" for=\"wpforms-1260-field_2\">Comment or Message<\/label><textarea id=\"wpforms-1260-field_2\" class=\"wpforms-field-medium\" name=\"wpforms[fields][2]\" aria-errormessage=\"wpforms-1260-field_2-error\" ><\/textarea><\/div><\/div><!-- .wpforms-field-container --><div class=\"wpforms-submit-container\" ><input type=\"hidden\" name=\"wpforms[id]\" value=\"1260\"><input type=\"hidden\" name=\"wpforms[author]\" value=\"1\"><button type=\"submit\" name=\"wpforms[submit]\" id=\"wpforms-submit-1260\" class=\"wpforms-submit\" data-alt-text=\"Sending...\" data-submit-text=\"Submit\" aria-live=\"assertive\" value=\"wpforms-submit\">Submit<\/button><img decoding=\"async\" src=\"https:\/\/cfxy.is\/wp-content\/plugins\/wpforms-lite\/assets\/images\/submit-spin.svg\" class=\"wpforms-submit-spinner\" style=\"display: none;\" width=\"26\" height=\"26\" alt=\"Loading\"><\/div><\/form><\/div>  <!-- .wpforms-container -->\t\t\t\t<\/div>\n\t\t\t\t<\/div>\n\t\t\t\t\t<\/div>\n\t\t\t\t<\/div>\n\t\t\t\t<\/div>\n\t\t","protected":false},"excerpt":{"rendered":"<p>Vi\u00f0 \u00ed\u00a0 XY bj\u00f3\u00f0um upp\u00e1 einkat\u00edma \u00ed sta\u00f0 grunnn\u00e1mskei\u00f0s. \u00de\u00fa getur vali\u00f0 a\u00f0 koma ein\/n \u00ed t\u00edmana e\u00f0a \u00fe\u00fa getur hvatt vini e\u00f0a fj\u00f6lskyldu me\u00f0 \u00fe\u00e9r \u00ed einkat\u00edma.\u00a0 Einkat\u00edmar eru sveigjanleg lausn \u00fear sem \u00fe\u00fa e\u00f0a \u00fei\u00f0 geti\u00f0 \u00e1kve\u00f0i\u00f0 \u00ed samr\u00e1\u00f0i vi\u00f0 \u00fej\u00e1lfarann hven\u00e6r hentar best a\u00f0 m\u00e6ta \u00ed \u00feessa t\u00edma. Einkat\u00edmarnir eru 5 t\u00edmar &hellip; <\/p>\n<p class=\"link-more\"><a href=\"https:\/\/cfxy.is\/?page_id=1282\" class=\"more-link\">Read more<span class=\"screen-reader-text\"> &#8220;Einkan\u00e1mskei\u00f0 \u00ed sta\u00f0 grunnn\u00e1mskei\u00f0s&#8221;<\/span><\/a><\/p>\n","protected":false},"author":1,"featured_media":0,"parent":0,"menu_order":0,"comment_status":"closed","ping_status":"closed","template":"","meta":{"om_disable_all_campaigns":false,"_monsterinsights_skip_tracking":false,"_monsterinsights_sitenote_active":false,"_monsterinsights_sitenote_note":"","_monsterinsights_sitenote_category":0,"footnotes":""},"class_list":["post-1282","page","type-page","status-publish","hentry"],"aioseo_notices":[],"_links":{"self":[{"href":"https:\/\/cfxy.is\/index.php?rest_route=\/wp\/v2\/pages\/1282","targetHints":{"allow":["GET"]}}],"collection":[{"href":"https:\/\/cfxy.is\/index.php?rest_route=\/wp\/v2\/pages"}],"about":[{"href":"https:\/\/cfxy.is\/index.php?rest_route=\/wp\/v2\/types\/page"}],"author":[{"embeddable":true,"href":"https:\/\/cfxy.is\/index.php?rest_route=\/wp\/v2\/users\/1"}],"replies":[{"embeddable":true,"href":"https:\/\/cfxy.is\/index.php?rest_route=%2Fwp%2Fv2%2Fcomments&post=1282"}],"version-history":[{"count":11,"href":"https:\/\/cfxy.is\/index.php?rest_route=\/wp\/v2\/pages\/1282\/revisions"}],"predecessor-version":[{"id":1538,"href":"https:\/\/cfxy.is\/index.php?rest_route=\/wp\/v2\/pages\/1282\/revisions\/1538"}],"wp:attachment":[{"href":"https:\/\/cfxy.is\/index.php?rest_route=%2Fwp%2Fv2%2Fmedia&parent=1282"}],"curies":[{"name":"wp","href":"https:\/\/api.w.org\/{rel}","templated":true}]}}