{"id":759,"date":"2024-01-06T11:09:24","date_gmt":"2024-01-06T11:09:24","guid":{"rendered":"https:\/\/cfxy.is\/?page_id=759"},"modified":"2026-04-08T16:48:24","modified_gmt":"2026-04-08T16:48:24","slug":"timar-verd","status":"publish","type":"page","link":"https:\/\/cfxy.is\/?page_id=759","title":{"rendered":"Ver\u00f0skr\u00e1"},"content":{"rendered":"\t\t<div data-elementor-type=\"wp-page\" data-elementor-id=\"759\" class=\"elementor elementor-759\">\n\t\t\t\t<div class=\"elementor-element elementor-element-7b377ef e-flex e-con-boxed e-con e-parent\" data-id=\"7b377ef\" data-element_type=\"container\" data-e-type=\"container\">\n\t\t\t\t\t<div class=\"e-con-inner\">\n\t\t\t\t<div class=\"elementor-element elementor-element-58c25c2 elementor-widget elementor-widget-heading\" data-id=\"58c25c2\" data-element_type=\"widget\" data-e-type=\"widget\" data-widget_type=\"heading.default\">\n\t\t\t\t<div class=\"elementor-widget-container\">\n\t\t\t\t\t<h2 class=\"elementor-heading-title elementor-size-default\">VER\u00d0SKR\u00c1<\/h2>\t\t\t\t<\/div>\n\t\t\t\t<\/div>\n\t\t\t\t<div class=\"elementor-element elementor-element-4048610 elementor-align-center elementor-widget elementor-widget-button\" data-id=\"4048610\" data-element_type=\"widget\" data-e-type=\"widget\" data-widget_type=\"button.default\">\n\t\t\t\t<div class=\"elementor-widget-container\">\n\t\t\t\t\t\t\t\t\t<div class=\"elementor-button-wrapper\">\n\t\t\t\t\t<a class=\"elementor-button elementor-button-link elementor-size-sm\" href=\"https:\/\/www.abler.io\/shop\/xy\/1\" target=\"_blank\">\n\t\t\t\t\t\t<span class=\"elementor-button-content-wrapper\">\n\t\t\t\t\t\t\t\t\t<span class=\"elementor-button-text\">Kaupa kort \u00ed XY<\/span>\n\t\t\t\t\t<\/span>\n\t\t\t\t\t<\/a>\n\t\t\t\t<\/div>\n\t\t\t\t\t\t\t\t<\/div>\n\t\t\t\t<\/div>\n\t\t\t\t\t<\/div>\n\t\t\t\t<\/div>\n\t\t<div class=\"elementor-element elementor-element-207b8dd e-flex e-con-boxed e-con e-parent\" data-id=\"207b8dd\" data-element_type=\"container\" data-e-type=\"container\">\n\t\t\t\t\t<div class=\"e-con-inner\">\n\t\t\t\t<div class=\"elementor-element elementor-element-ef90012 elementor-widget__width-initial elementor-widget elementor-widget-shortcode\" data-id=\"ef90012\" data-element_type=\"widget\" data-e-type=\"widget\" data-widget_type=\"shortcode.default\">\n\t\t\t\t<div class=\"elementor-widget-container\">\n\t\t\t\t\t\t\t<div class=\"elementor-shortcode\">\n<table id=\"tablepress-1\" class=\"tablepress tablepress-id-1\">\n<tbody class=\"row-hover\">\n<tr class=\"row-1\">\n\t<td class=\"column-1\"><strong>Grunnn\u00e1mskei\u00f0<\/strong><\/td><td class=\"column-2\"><\/td><td class=\"column-3\"><\/td><td class=\"column-4\"><\/td><td class=\"column-5\"><\/td>\n<\/tr>\n<tr class=\"row-2\">\n\t<td class=\"column-1\">Grunnn\u00e1mskei\u00f0 + 1 m\u00e1nu\u00f0ur<\/td><td class=\"column-2\">kr. 39.900<\/td><td class=\"column-3\"><\/td><td class=\"column-4\"><\/td><td class=\"column-5\"><\/td>\n<\/tr>\n<tr class=\"row-3\">\n\t<td class=\"column-1\">Stakt Grunnn\u00e1mskei\u00f0<\/td><td class=\"column-2\">kr. 29.900<\/td><td class=\"column-3\"><\/td><td class=\"column-4\"><\/td><td class=\"column-5\"><\/td>\n<\/tr>\n<tr class=\"row-4\">\n\t<td class=\"column-1\"><\/td><td class=\"column-2\"><\/td><td class=\"column-3\"><\/td><td class=\"column-4\"><\/td><td class=\"column-5\"><\/td>\n<\/tr>\n<tr class=\"row-5\">\n\t<td class=\"column-1\"><strong>Almenn ver\u00f0skr\u00e1<\/strong><\/td><td class=\"column-2\"><\/td><td class=\"column-3\"><\/td><td class=\"column-4\"><\/td><td class=\"column-5\"><\/td>\n<\/tr>\n<tr class=\"row-6\">\n\t<td class=\"column-1\">\u00c1rskort (15.000 kr \u00e1 m\u00e1n)<\/td><td class=\"column-2\">kr. 180.000<\/td><td class=\"column-3\"><\/td><td class=\"column-4\"><\/td><td class=\"column-5\"><\/td>\n<\/tr>\n<tr class=\"row-7\">\n\t<td class=\"column-1\">\u00c1rskort eingrei\u00f0sla<\/td><td class=\"column-2\">kr. 176.000<\/td><td class=\"column-3\"><\/td><td class=\"column-4\"><\/td><td class=\"column-5\"><\/td>\n<\/tr>\n<tr class=\"row-8\">\n\t<td class=\"column-1\">6 m\u00e1nu\u00f0ir (16.900 kr \u00e1 m\u00e1n)<\/td><td class=\"column-2\">kr. 101.400<\/td><td class=\"column-3\"><\/td><td class=\"column-4\"><\/td><td class=\"column-5\"><\/td>\n<\/tr>\n<tr class=\"row-9\">\n\t<td class=\"column-1\">6 m\u00e1nu\u00f0ir eingrei\u00f0sla<\/td><td class=\"column-2\">kr. 91.400<\/td><td class=\"column-3\"><\/td><td class=\"column-4\"><\/td><td class=\"column-5\"><\/td>\n<\/tr>\n<tr class=\"row-10\">\n\t<td class=\"column-1\">3 m\u00e1nu\u00f0ir (18.900 kr \u00e1 m\u00e1n)<\/td><td class=\"column-2\">kr. 56.700<\/td><td class=\"column-3\"><\/td><td class=\"column-4\"><\/td><td class=\"column-5\"><\/td>\n<\/tr>\n<tr class=\"row-11\">\n\t<td class=\"column-1\">3 m\u00e1nu\u00f0ir eingrei\u00f0sla<\/td><td class=\"column-2\">kr. 50.700<\/td><td class=\"column-3\"><\/td><td class=\"column-4\"><\/td><td class=\"column-5\"><\/td>\n<\/tr>\n<tr class=\"row-12\">\n\t<td class=\"column-1\">1 m\u00e1nu\u00f0ur<\/td><td class=\"column-2\">kr. 25.000<\/td><td class=\"column-3\"><\/td><td class=\"column-4\"><\/td><td class=\"column-5\"><\/td>\n<\/tr>\n<tr class=\"row-13\">\n\t<td class=\"column-1\">5 skipti<\/td><td class=\"column-2\">kr. 15.000<\/td><td class=\"column-3\"><\/td><td class=\"column-4\"><\/td><td class=\"column-5\"><\/td>\n<\/tr>\n<tr class=\"row-14\">\n\t<td class=\"column-1\">10 skipti<\/td><td class=\"column-2\">kr. 30.000<\/td><td class=\"column-3\"><\/td><td class=\"column-4\"><\/td><td class=\"column-5\"><\/td>\n<\/tr>\n<tr class=\"row-15\">\n\t<td class=\"column-1\">Drop-in<\/td><td class=\"column-2\">kr. 3.000<\/td><td class=\"column-3\"><\/td><td class=\"column-4\"><\/td><td class=\"column-5\"><\/td>\n<\/tr>\n<tr class=\"row-16\">\n\t<td class=\"column-1\">Startgjald fyrir a\u00f0gangsst\u00fdringu<\/td><td class=\"column-2\">kr. 7.000<\/td><td class=\"column-3\"><\/td><td class=\"column-4\"><\/td><td class=\"column-5\"><\/td>\n<\/tr>\n<tr class=\"row-17\">\n\t<td class=\"column-1\"><em>*3000 kr b\u00e6tast vi\u00f0 m\u00e1na\u00f0arlega fyrir a\u00f0gangsst\u00fdrt kort<\/em><\/td><td class=\"column-2\"><\/td><td class=\"column-3\"><\/td><td class=\"column-4\"><\/td><td class=\"column-5\"><\/td>\n<\/tr>\n<tr class=\"row-18\">\n\t<td class=\"column-1\"><\/td><td class=\"column-2\"><\/td><td class=\"column-3\"><\/td><td class=\"column-4\"><\/td><td class=\"column-5\"><\/td>\n<\/tr>\n<tr class=\"row-19\">\n\t<td class=\"column-1\">Open Gym kort me\u00f0 a\u00f0gangsst\u00fdringu- \u00c1rskort<\/td><td class=\"column-2\">kr. 17.500<\/td><td class=\"column-3\">Getur m\u00e6tt hven\u00e6r sem \u00fe\u00e9r hentar fr\u00e1 05:00-00:00 alla daga<br \/>\n<br \/>\n<\/td><td class=\"column-4\"><\/td><td class=\"column-5\"><\/td>\n<\/tr>\n<tr class=\"row-20\">\n\t<td class=\"column-1\">Open Gym kort me\u00f0 a\u00f0gangsst\u00fdringu- 6 m\u00e1n<\/td><td class=\"column-2\">kr. 19.400<\/td><td class=\"column-3\">Getur m\u00e6tt hven\u00e6r sem \u00fe\u00e9r hentar fr\u00e1 05:00-00:00 alla daga<br \/>\n<\/td><td class=\"column-4\"><\/td><td class=\"column-5\"><\/td>\n<\/tr>\n<tr class=\"row-21\">\n\t<td class=\"column-1\">Open Gym kort- \u00c1rskort<\/td><td class=\"column-2\">kr. 14.500<\/td><td class=\"column-3\">Einungis h\u00e6gt a\u00f0 m\u00e6ta \u00ed h\u00fasi\u00f0 \u00feegar t\u00edmar eru \u00ed stundaskr\u00e1 og \u00e6fa \u00e1 Open Gym sv\u00e6\u00f0i<\/td><td class=\"column-4\"><\/td><td class=\"column-5\"><\/td>\n<\/tr>\n<tr class=\"row-22\">\n\t<td class=\"column-1\">Open Gym kort- 6 m\u00e1n<\/td><td class=\"column-2\">kr. 16.400<\/td><td class=\"column-3\">Einungis h\u00e6gt a\u00f0 m\u00e6ta \u00ed h\u00fasi\u00f0 \u00feegar t\u00edmar eru \u00ed stundaskr\u00e1 og \u00e6fa \u00e1 Open Gym sv\u00e6\u00f0i<\/td><td class=\"column-4\"><\/td><td class=\"column-5\"><\/td>\n<\/tr>\n<tr class=\"row-23\">\n\t<td class=\"column-1\"><\/td><td class=\"column-2\"><\/td><td class=\"column-3\"><\/td><td class=\"column-4\"><\/td><td class=\"column-5\"><\/td>\n<\/tr>\n<tr class=\"row-24\">\n\t<td class=\"column-1\">Open Gym kort -me\u00f0 a\u00f0gangsst.<br \/>\nEingrei\u00f0sla \u00e1rskort<\/td><td class=\"column-2\">kr. 174.000<\/td><td class=\"column-3\"><\/td><td class=\"column-4\"><\/td><td class=\"column-5\"><\/td>\n<\/tr>\n<tr class=\"row-25\">\n\t<td class=\"column-1\">Open Gym kort- me\u00f0 a\u00f0gangsst.<br \/>\nEingrei\u00f0sla- 6 m\u00e1n<\/td><td class=\"column-2\">kr. 106.400<\/td><td class=\"column-3\"><\/td><td class=\"column-4\"><\/td><td class=\"column-5\"><\/td>\n<\/tr>\n<tr class=\"row-26\">\n\t<td class=\"column-1\"><\/td><td class=\"column-2\"><\/td><td class=\"column-3\"><\/td><td class=\"column-4\"><\/td><td class=\"column-5\"><\/td>\n<\/tr>\n<tr class=\"row-27\">\n\t<td class=\"column-1\"><strong>Unglingar 12-15.\u00e1ra<\/strong><\/td><td class=\"column-2\"><\/td><td class=\"column-3\">h\u00e6gt a\u00f0 skipta \u00ed 3 grei\u00f0slur<\/td><td class=\"column-4\"><\/td><td class=\"column-5\"><\/td>\n<\/tr>\n<tr class=\"row-28\">\n\t<td class=\"column-1\">Haust 2026<\/td><td class=\"column-2\">kr. 85.000<\/td><td class=\"column-3\">kr. 29.900 per m\u00e1nu\u00f0<\/td><td class=\"column-4\"><\/td><td class=\"column-5\"><\/td>\n<\/tr>\n<tr class=\"row-29\">\n\t<td class=\"column-1\"><\/td><td class=\"column-2\"><\/td><td class=\"column-3\"><\/td><td class=\"column-4\"><\/td><td class=\"column-5\"><\/td>\n<\/tr>\n<tr class=\"row-30\">\n\t<td class=\"column-1\"><strong>Krakkar 8-11.\u00e1ra<\/strong><\/td><td class=\"column-2\"><\/td><td class=\"column-3\">h\u00e6gt a\u00f0 skipta \u00ed 2 grei\u00f0slur<\/td><td class=\"column-4\"><\/td><td class=\"column-5\"><\/td>\n<\/tr>\n<tr class=\"row-31\">\n\t<td class=\"column-1\">Haust 2026<\/td><td class=\"column-2\">kr. 55.500<\/td><td class=\"column-3\">kr. 28.900 per m\u00e1nu\u00f0<\/td><td class=\"column-4\"><\/td><td class=\"column-5\"><\/td>\n<\/tr>\n<tr class=\"row-32\">\n\t<td class=\"column-1\"><\/td><td class=\"column-2\"><\/td><td class=\"column-3\"><\/td><td class=\"column-4\"><\/td><td class=\"column-5\"><\/td>\n<\/tr>\n<\/tbody>\n<\/table>\n<!-- #tablepress-1 from cache --><\/div>\n\t\t\t\t\t\t<\/div>\n\t\t\t\t<\/div>\n\t\t\t\t\t<\/div>\n\t\t\t\t<\/div>\n\t\t<div class=\"elementor-element elementor-element-ce6f0f2 e-flex e-con-boxed e-con e-parent\" data-id=\"ce6f0f2\" data-element_type=\"container\" data-e-type=\"container\">\n\t\t\t\t\t<div class=\"e-con-inner\">\n\t\t\t\t<div class=\"elementor-element elementor-element-b6ead23 elementor-widget__width-initial elementor-widget elementor-widget-text-editor\" data-id=\"b6ead23\" data-element_type=\"widget\" data-e-type=\"widget\" data-widget_type=\"text-editor.default\">\n\t\t\t\t<div class=\"elementor-widget-container\">\n\t\t\t\t\t\t\t\t\t<p><span style=\"font-style: italic;\"><span style=\"font-size: 14px;\">Fullt ver\u00f0 mi\u00f0ast vi\u00f0 eingrei\u00f0slu en bo\u00f0i\u00f0 er upp \u00e1 a\u00f0 skipta grei\u00f0s<\/span><span style=\"font-size: 14px;\">lum m\u00e1na\u00f0arlega gegn gjaldi<\/span><\/span><\/p><p class=\"font_9\" style=\"font-size: 17px; line-height: 1em;\"><span style=\"font-style: italic;\"><span style=\"font-size: 14px;\">Fr\u00edstundastyrk m\u00e1 n\u00fdta vi\u00f0 kaup \u00e1 kortum XY<\/span><\/span><\/p><p class=\"font_9\" style=\"font-size: 17px; line-height: 1em;\"><span style=\"font-style: italic;\"><span style=\"font-size: 14px;\">Athugi\u00f0 a\u00f0 margir vinnuveitendur og flest st\u00e9ttarf\u00e9l\u00f6g ni\u00f0urgrei\u00f0a l\u00edkamsr\u00e6ktarkort<\/span><\/span><\/p>\t\t\t\t\t\t\t\t<\/div>\n\t\t\t\t<\/div>\n\t\t\t\t\t<\/div>\n\t\t\t\t<\/div>\n\t\t<div class=\"elementor-element elementor-element-ec90365 e-flex e-con-boxed e-con e-parent\" data-id=\"ec90365\" data-element_type=\"container\" data-e-type=\"container\">\n\t\t\t\t\t<div class=\"e-con-inner\">\n\t\t\t\t\t<\/div>\n\t\t\t\t<\/div>\n\t\t\t\t<\/div>\n\t\t","protected":false},"excerpt":{"rendered":"<p>VER\u00d0SKR\u00c1 Kaupa kort \u00ed XY Fullt ver\u00f0 mi\u00f0ast vi\u00f0 eingrei\u00f0slu en bo\u00f0i\u00f0 er upp \u00e1 a\u00f0 skipta grei\u00f0slum m\u00e1na\u00f0arlega gegn gjaldi Fr\u00edstundastyrk m\u00e1 n\u00fdta vi\u00f0 kaup \u00e1 kortum XY Athugi\u00f0 a\u00f0 margir vinnuveitendur og flest st\u00e9ttarf\u00e9l\u00f6g ni\u00f0urgrei\u00f0a l\u00edkamsr\u00e6ktarkort<\/p>\n","protected":false},"author":1,"featured_media":0,"parent":0,"menu_order":0,"comment_status":"closed","ping_status":"closed","template":"","meta":{"om_disable_all_campaigns":false,"_monsterinsights_skip_tracking":false,"_monsterinsights_sitenote_active":false,"_monsterinsights_sitenote_note":"","_monsterinsights_sitenote_category":0,"footnotes":""},"class_list":["post-759","page","type-page","status-publish","hentry"],"aioseo_notices":[],"_links":{"self":[{"href":"https:\/\/cfxy.is\/index.php?rest_route=\/wp\/v2\/pages\/759","targetHints":{"allow":["GET"]}}],"collection":[{"href":"https:\/\/cfxy.is\/index.php?rest_route=\/wp\/v2\/pages"}],"about":[{"href":"https:\/\/cfxy.is\/index.php?rest_route=\/wp\/v2\/types\/page"}],"author":[{"embeddable":true,"href":"https:\/\/cfxy.is\/index.php?rest_route=\/wp\/v2\/users\/1"}],"replies":[{"embeddable":true,"href":"https:\/\/cfxy.is\/index.php?rest_route=%2Fwp%2Fv2%2Fcomments&post=759"}],"version-history":[{"count":68,"href":"https:\/\/cfxy.is\/index.php?rest_route=\/wp\/v2\/pages\/759\/revisions"}],"predecessor-version":[{"id":2050,"href":"https:\/\/cfxy.is\/index.php?rest_route=\/wp\/v2\/pages\/759\/revisions\/2050"}],"wp:attachment":[{"href":"https:\/\/cfxy.is\/index.php?rest_route=%2Fwp%2Fv2%2Fmedia&parent=759"}],"curies":[{"name":"wp","href":"https:\/\/api.w.org\/{rel}","templated":true}]}}